{"id":15,"date":"2016-03-25T19:24:07","date_gmt":"2016-03-26T00:24:07","guid":{"rendered":"http:\/\/www.servicourier.com\/sc\/?page_id=15"},"modified":"2024-01-12T11:25:55","modified_gmt":"2024-01-12T16:25:55","slug":"servicourier-express","status":"publish","type":"page","link":"https:\/\/www.servicourier.com\/sc\/servicourier-express\/","title":{"rendered":"ServiCourier Env\u00edos Express"},"content":{"rendered":"\t\t<div data-elementor-type=\"wp-page\" data-elementor-id=\"15\" class=\"elementor elementor-15\" data-elementor-settings=\"[]\">\n\t\t\t\t\t\t<div class=\"elementor-inner\">\n\t\t\t\t\t\t\t<div class=\"elementor-section-wrap\">\n\t\t\t\t\t\t\t<section class=\"elementor-section elementor-top-section elementor-element elementor-element-5a18b55 elementor-section-boxed elementor-section-height-default elementor-section-height-default\" data-id=\"5a18b55\" data-element_type=\"section\">\n\t\t\t\t\t\t<div class=\"elementor-container elementor-column-gap-default\">\n\t\t\t\t\t\t\t<div class=\"elementor-row\">\n\t\t\t\t\t<div class=\"elementor-column elementor-col-100 elementor-top-column elementor-element elementor-element-1a0bb9e1\" data-id=\"1a0bb9e1\" data-element_type=\"column\">\n\t\t\t<div class=\"elementor-column-wrap elementor-element-populated\">\n\t\t\t\t\t\t\t<div class=\"elementor-widget-wrap\">\n\t\t\t\t\t\t<div class=\"elementor-element elementor-element-f58f0e3 elementor-widget elementor-widget-heading\" data-id=\"f58f0e3\" data-element_type=\"widget\" data-widget_type=\"heading.default\">\n\t\t\t\t<div class=\"elementor-widget-container\">\n\t\t\t<h2 class=\"elementor-heading-title elementor-size-default\">Experimente la excelencia con nuestro servicio de Env\u00edos Express, que le proporciona rapidez, seguridad y confiabilidad en todas sus diligencias, domicilios y entregas.<\/h2>\t\t<\/div>\n\t\t\t\t<\/div>\n\t\t\t\t<div class=\"elementor-element elementor-element-b77af04 elementor-align-center elementor-widget elementor-widget-button\" data-id=\"b77af04\" data-element_type=\"widget\" data-widget_type=\"button.default\">\n\t\t\t\t<div class=\"elementor-widget-container\">\n\t\t\t\t\t<div class=\"elementor-button-wrapper\">\n\t\t\t<a href=\"https:\/\/www.servicourier.com\/sc\/?product=servicourier-express\" class=\"elementor-button-link elementor-button elementor-size-sm\" role=\"button\">\n\t\t\t\t\t\t<span class=\"elementor-button-content-wrapper\">\n\t\t\t\t\t\t<span class=\"elementor-button-text\">Solicitar Servicio<\/span>\n\t\t<\/span>\n\t\t\t\t\t<\/a>\n\t\t<\/div>\n\t\t\t\t<\/div>\n\t\t\t\t<\/div>\n\t\t\t\t<div class=\"elementor-element elementor-element-ef803f9 elementor-widget elementor-widget-text-editor\" data-id=\"ef803f9\" data-element_type=\"widget\" data-widget_type=\"text-editor.default\">\n\t\t\t\t<div class=\"elementor-widget-container\">\n\t\t\t\t\t<div class=\"elementor-text-editor elementor-clearfix\"><p>Contamos con la tecnolog\u00eda m\u00f3vil m\u00e1s avanzada. Nuestros mensajeros motorizados se conectan a trav\u00e9s de nuestra APP-SERVICOURIER para garantizar la eficiencia en cada uno de nuestros Env\u00edos Express y servicios de transporte como:<\/p><ul><li>Mercanc\u00edas.<\/li><li>Regalos Empresariales.<\/li><li>Distribuci\u00f3n de Invitaciones para Eventos.<\/li><li>Distribuci\u00f3n de Revistas o Material Publicitario.<\/li><li>Distribuci\u00f3n Masiva Sincronizada.<\/li><li>Distribuci\u00f3n de Estados de Cuenta y de facturas.<\/li><\/ul><\/div>\n\t\t\t\t<\/div>\n\t\t\t\t<\/div>\n\t\t\t\t\t\t<\/div>\n\t\t\t\t\t<\/div>\n\t\t<\/div>\n\t\t\t\t\t\t\t\t<\/div>\n\t\t\t\t\t<\/div>\n\t\t<\/section>\n\t\t\t\t\t\t<\/div>\n\t\t\t\t\t\t<\/div>\n\t\t\t\t\t<\/div>\n\t\t","protected":false},"excerpt":{"rendered":"<p>Experimente la excelencia con nuestro servicio de Env\u00edos Express, que le proporciona rapidez, seguridad y confiabilidad en todas sus diligencias, domicilios y entregas. Solicitar Servicio Contamos con la tecnolog\u00eda m\u00f3vil m\u00e1s avanzada. Nuestros mensajeros motorizados se conectan a trav\u00e9s de nuestra APP-SERVICOURIER para garantizar la eficiencia en cada uno de nuestros Env\u00edos Express y servicios de transporte como: Mercanc\u00edas. Regalos Empresariales. Distribuci\u00f3n de Invitaciones para Eventos. Distribuci\u00f3n de Revistas o Material Publicitario. Distribuci\u00f3n Masiva Sincronizada. Distribuci\u00f3n de Estados de Cuenta y de facturas.<\/p>\n","protected":false},"author":1,"featured_media":411,"parent":0,"menu_order":0,"comment_status":"closed","ping_status":"closed","template":"","meta":[],"_links":{"self":[{"href":"https:\/\/www.servicourier.com\/sc\/wp-json\/wp\/v2\/pages\/15"}],"collection":[{"href":"https:\/\/www.servicourier.com\/sc\/wp-json\/wp\/v2\/pages"}],"about":[{"href":"https:\/\/www.servicourier.com\/sc\/wp-json\/wp\/v2\/types\/page"}],"author":[{"embeddable":true,"href":"https:\/\/www.servicourier.com\/sc\/wp-json\/wp\/v2\/users\/1"}],"replies":[{"embeddable":true,"href":"https:\/\/www.servicourier.com\/sc\/wp-json\/wp\/v2\/comments?post=15"}],"version-history":[{"count":48,"href":"https:\/\/www.servicourier.com\/sc\/wp-json\/wp\/v2\/pages\/15\/revisions"}],"predecessor-version":[{"id":1215,"href":"https:\/\/www.servicourier.com\/sc\/wp-json\/wp\/v2\/pages\/15\/revisions\/1215"}],"wp:featuredmedia":[{"embeddable":true,"href":"https:\/\/www.servicourier.com\/sc\/wp-json\/wp\/v2\/media\/411"}],"wp:attachment":[{"href":"https:\/\/www.servicourier.com\/sc\/wp-json\/wp\/v2\/media?parent=15"}],"curies":[{"name":"wp","href":"https:\/\/api.w.org\/{rel}","templated":true}]}}