{"id":17,"date":"2016-03-25T19:28:25","date_gmt":"2016-03-26T00:28:25","guid":{"rendered":"http:\/\/www.servicourier.com\/sc\/?page_id=17"},"modified":"2024-01-12T11:28:11","modified_gmt":"2024-01-12T16:28:11","slug":"servicourier-corporativo","status":"publish","type":"page","link":"https:\/\/www.servicourier.com\/sc\/servicourier-corporativo\/","title":{"rendered":"Servicios de mensajer\u00eda Corporativos"},"content":{"rendered":"\t\t<div data-elementor-type=\"wp-page\" data-elementor-id=\"17\" class=\"elementor elementor-17\" data-elementor-settings=\"[]\">\n\t\t\t\t\t\t<div class=\"elementor-inner\">\n\t\t\t\t\t\t\t<div class=\"elementor-section-wrap\">\n\t\t\t\t\t\t\t<section class=\"elementor-section elementor-top-section elementor-element elementor-element-416048e elementor-section-boxed elementor-section-height-default elementor-section-height-default\" data-id=\"416048e\" data-element_type=\"section\">\n\t\t\t\t\t\t<div class=\"elementor-container elementor-column-gap-default\">\n\t\t\t\t\t\t\t<div class=\"elementor-row\">\n\t\t\t\t\t<div class=\"elementor-column elementor-col-100 elementor-top-column elementor-element elementor-element-3f47504\" data-id=\"3f47504\" data-element_type=\"column\">\n\t\t\t<div class=\"elementor-column-wrap elementor-element-populated\">\n\t\t\t\t\t\t\t<div class=\"elementor-widget-wrap\">\n\t\t\t\t\t\t<div class=\"elementor-element elementor-element-dd44766 elementor-widget elementor-widget-heading\" data-id=\"dd44766\" data-element_type=\"widget\" data-widget_type=\"heading.default\">\n\t\t\t\t<div class=\"elementor-widget-container\">\n\t\t\t<h2 class=\"elementor-heading-title elementor-size-default\">Adaptamos nuestros servicios de mensajer\u00eda a sus necesidades. Programe vueltas, pedidos, domicilios y entregas pagando por horas, semanas o meses, seg\u00fan sus requerimientos.<\/h2>\t\t<\/div>\n\t\t\t\t<\/div>\n\t\t\t\t<div class=\"elementor-element elementor-element-d07af02 elementor-align-center elementor-widget elementor-widget-button\" data-id=\"d07af02\" data-element_type=\"widget\" data-widget_type=\"button.default\">\n\t\t\t\t<div class=\"elementor-widget-container\">\n\t\t\t\t\t<div class=\"elementor-button-wrapper\">\n\t\t\t<a href=\"https:\/\/www.servicourier.com\/sc\/servicourier-express\/formulario-servi-express\/\" class=\"elementor-button-link elementor-button elementor-size-sm\" role=\"button\">\n\t\t\t\t\t\t<span class=\"elementor-button-content-wrapper\">\n\t\t\t\t\t\t<span class=\"elementor-button-text\">Solicitud de Servicio<\/span>\n\t\t<\/span>\n\t\t\t\t\t<\/a>\n\t\t<\/div>\n\t\t\t\t<\/div>\n\t\t\t\t<\/div>\n\t\t\t\t<div class=\"elementor-element elementor-element-53dc6e94 elementor-widget elementor-widget-text-editor\" data-id=\"53dc6e94\" data-element_type=\"widget\" data-widget_type=\"text-editor.default\">\n\t\t\t\t<div class=\"elementor-widget-container\">\n\t\t\t\t\t<div class=\"elementor-text-editor elementor-clearfix\"><p>Ponemos a tu disposici\u00f3n servicios de mensajer\u00eda con mensajeros motorizados en moto y camionetas tipo Carry. Realizamos diligencias, domicilios y entregas con la m\u00e1xima rapidez, seguridad y respaldo, asegurando una mayor competitividad en tus env\u00edos.<\/p><p><strong>Beneficios:<\/strong><\/p><ul><li><strong>Evite<\/strong> la contrataci\u00f3n directa de personal que incrementa sus costos y gestione sus entregas con el respaldo y calidad que s\u00f3lo Servicourier puede dar.<\/li><li><strong>Somos<\/strong> la empresa que puede brindarle soluciones a la medida, garantizando ahorro en horas y calidad en su entrega y servicio.<\/li><li><strong>Trabajamos<\/strong> con toda la normatividad legal exigida por el Gobierno Nacional a las empresas Colombianas y como tal protegemos a nuestros clientes de cualquier demanda por solidaridad en la prestaci\u00f3n del servicio.<ul><li><strong>SERVICOURIER<\/strong> cumple con el decreto 1072 del 2015 con el cual se implement\u00f3 el Sistema de Gesti\u00f3n de la Seguridad y Salud en el trabajo (SG-SST) con su correspondiente Plan de Seguridad Vial.<\/li><\/ul><\/li><li><strong>Contamos<\/strong> con un equipo humano h\u00e1bil en el manejo de las rutas capitalinas, capacitamos peri\u00f3dicamente a nuestro personal en mecanismos de gesti\u00f3n, atenci\u00f3n al cliente, asesor\u00eda y seguridad laboral.<\/li><li><strong>Nuestro<\/strong> personal es seleccionado id\u00f3neamente teniendo en cuenta su adaptabilidad y compromiso con el servicio, comprobando siempre su experiencia y conocimiento.<\/li><\/ul><\/div>\n\t\t\t\t<\/div>\n\t\t\t\t<\/div>\n\t\t\t\t<div class=\"elementor-element elementor-element-cffbbf9 elementor-widget elementor-widget-heading\" data-id=\"cffbbf9\" data-element_type=\"widget\" data-widget_type=\"heading.default\">\n\t\t\t\t<div class=\"elementor-widget-container\">\n\t\t\t<h2 class=\"elementor-heading-title elementor-size-default\">Ofrecemos servicios de mensajer\u00eda con la mejor tecnolog\u00eda. Utilizamos un APLICATIVO M\u00d3VIL, la APP-SERVICOURIER, para un control eficiente de nuestros domiciliarios en la prestaci\u00f3n del servicio de domicilios.<\/h2>\t\t<\/div>\n\t\t\t\t<\/div>\n\t\t\t\t\t\t<\/div>\n\t\t\t\t\t<\/div>\n\t\t<\/div>\n\t\t\t\t\t\t\t\t<\/div>\n\t\t\t\t\t<\/div>\n\t\t<\/section>\n\t\t\t\t\t\t<\/div>\n\t\t\t\t\t\t<\/div>\n\t\t\t\t\t<\/div>\n\t\t","protected":false},"excerpt":{"rendered":"<p>Adaptamos nuestros servicios de mensajer\u00eda a sus necesidades. Programe vueltas, pedidos, domicilios y entregas pagando por horas, semanas o meses, seg\u00fan sus requerimientos. Solicitud de Servicio Ponemos a tu disposici\u00f3n servicios de mensajer\u00eda con mensajeros motorizados en moto y camionetas tipo Carry. Realizamos diligencias, domicilios y entregas con la m\u00e1xima rapidez, seguridad y respaldo, asegurando una mayor competitividad en tus env\u00edos. Beneficios: Evite la contrataci\u00f3n directa de personal que incrementa sus costos y gestione sus entregas con el respaldo y calidad que s\u00f3lo Servicourier puede dar. Somos la empresa que puede brindarle soluciones a la medida, garantizando ahorro en horas y calidad en su entrega y servicio. Trabajamos con toda la normatividad legal exigida por el Gobierno Nacional a las empresas Colombianas y como tal protegemos a nuestros clientes de cualquier demanda por solidaridad en la prestaci\u00f3n del servicio. SERVICOURIER cumple con el decreto 1072 del 2015 con el cual&hellip;<\/p>\n<p> <a class=\"more-link\" href=\"https:\/\/www.servicourier.com\/sc\/servicourier-corporativo\/\">Leer m\u00e1s<\/a><\/p>\n","protected":false},"author":1,"featured_media":427,"parent":0,"menu_order":0,"comment_status":"closed","ping_status":"closed","template":"","meta":[],"_links":{"self":[{"href":"https:\/\/www.servicourier.com\/sc\/wp-json\/wp\/v2\/pages\/17"}],"collection":[{"href":"https:\/\/www.servicourier.com\/sc\/wp-json\/wp\/v2\/pages"}],"about":[{"href":"https:\/\/www.servicourier.com\/sc\/wp-json\/wp\/v2\/types\/page"}],"author":[{"embeddable":true,"href":"https:\/\/www.servicourier.com\/sc\/wp-json\/wp\/v2\/users\/1"}],"replies":[{"embeddable":true,"href":"https:\/\/www.servicourier.com\/sc\/wp-json\/wp\/v2\/comments?post=17"}],"version-history":[{"count":63,"href":"https:\/\/www.servicourier.com\/sc\/wp-json\/wp\/v2\/pages\/17\/revisions"}],"predecessor-version":[{"id":1227,"href":"https:\/\/www.servicourier.com\/sc\/wp-json\/wp\/v2\/pages\/17\/revisions\/1227"}],"wp:featuredmedia":[{"embeddable":true,"href":"https:\/\/www.servicourier.com\/sc\/wp-json\/wp\/v2\/media\/427"}],"wp:attachment":[{"href":"https:\/\/www.servicourier.com\/sc\/wp-json\/wp\/v2\/media?parent=17"}],"curies":[{"name":"wp","href":"https:\/\/api.w.org\/{rel}","templated":true}]}}