{"id":2,"date":"2016-02-03T04:08:41","date_gmt":"2016-02-03T09:08:41","guid":{"rendered":"http:\/\/wp442m.a10-52-158-154.qa.plesk.ru\/wordpress\/?page_id=2"},"modified":"2024-01-12T11:19:47","modified_gmt":"2024-01-12T16:19:47","slug":"nosotros","status":"publish","type":"page","link":"https:\/\/www.servicourier.com\/sc\/nosotros\/","title":{"rendered":"Nosotros"},"content":{"rendered":"\t\t<div data-elementor-type=\"wp-page\" data-elementor-id=\"2\" class=\"elementor elementor-2\" data-elementor-settings=\"[]\">\n\t\t\t\t\t\t<div class=\"elementor-inner\">\n\t\t\t\t\t\t\t<div class=\"elementor-section-wrap\">\n\t\t\t\t\t\t\t<section class=\"elementor-section elementor-top-section elementor-element elementor-element-e9a1432 elementor-section-boxed elementor-section-height-default elementor-section-height-default\" data-id=\"e9a1432\" data-element_type=\"section\">\n\t\t\t\t\t\t<div class=\"elementor-container elementor-column-gap-default\">\n\t\t\t\t\t\t\t<div class=\"elementor-row\">\n\t\t\t\t\t<div class=\"elementor-column elementor-col-100 elementor-top-column elementor-element elementor-element-6031d1d\" data-id=\"6031d1d\" data-element_type=\"column\">\n\t\t\t<div class=\"elementor-column-wrap elementor-element-populated\">\n\t\t\t\t\t\t\t<div class=\"elementor-widget-wrap\">\n\t\t\t\t\t\t<div class=\"elementor-element elementor-element-5d15326 elementor-widget elementor-widget-heading\" data-id=\"5d15326\" data-element_type=\"widget\" data-widget_type=\"heading.default\">\n\t\t\t\t<div class=\"elementor-widget-container\">\n\t\t\t<h2 class=\"elementor-heading-title elementor-size-default\">Qui\u00e9nes somos y nuestros servicios de env\u00edos<\/h2>\t\t<\/div>\n\t\t\t\t<\/div>\n\t\t\t\t\t\t<\/div>\n\t\t\t\t\t<\/div>\n\t\t<\/div>\n\t\t\t\t\t\t\t\t<\/div>\n\t\t\t\t\t<\/div>\n\t\t<\/section>\n\t\t\t\t<section class=\"elementor-section elementor-top-section elementor-element elementor-element-733fb572 elementor-section-boxed elementor-section-height-default elementor-section-height-default\" data-id=\"733fb572\" data-element_type=\"section\">\n\t\t\t\t\t\t<div class=\"elementor-container elementor-column-gap-default\">\n\t\t\t\t\t\t\t<div class=\"elementor-row\">\n\t\t\t\t\t<div class=\"elementor-column elementor-col-100 elementor-top-column elementor-element elementor-element-14be6b0b\" data-id=\"14be6b0b\" data-element_type=\"column\">\n\t\t\t<div class=\"elementor-column-wrap elementor-element-populated\">\n\t\t\t\t\t\t\t<div class=\"elementor-widget-wrap\">\n\t\t\t\t\t\t<div class=\"elementor-element elementor-element-56ffad6b elementor-widget elementor-widget-text-editor\" data-id=\"56ffad6b\" data-element_type=\"widget\" data-widget_type=\"text-editor.default\">\n\t\t\t\t<div class=\"elementor-widget-container\">\n\t\t\t\t\t<div class=\"elementor-text-editor elementor-clearfix\"><p><!-- wp:quote --><\/p>\n<blockquote class=\"wp-block-quote\">\n<p><strong>Visi\u00f3n:<\/strong><\/p>\n<\/blockquote>\n<p><!-- \/wp:quote --><!-- wp:paragraph --><\/p>\n<p>En el 2031, aspiramos a ser la principal empresa de mensajer\u00eda especializada en domicilios en Colombia, destacando por nuestra confiabilidad, tama\u00f1o y brindando el mejor servicio de env\u00edos.<\/p>\n<p><!-- \/wp:paragraph --><!-- wp:quote --><\/p>\n<blockquote class=\"wp-block-quote\">\n<p><strong>Misi\u00f3n:<\/strong><\/p>\n<\/blockquote>\n<p><!-- \/wp:quote --><!-- wp:paragraph --><\/p>\n<p>Somos la elecci\u00f3n preferida en mensajer\u00eda domiciliaria, ofreciendo servicios de env\u00edos con transporte de carga liviana en moto y camionetas tipo carry, para empresas y personas naturales. Conf\u00eda en nuestra eficiencia para tus entregas.<\/p>\n<p><!-- \/wp:paragraph --><!-- wp:quote --><\/p>\n<blockquote class=\"wp-block-quote\">\n<p><strong>Pol\u00edticas de Calidad:<\/strong><\/p>\n<\/blockquote>\n<p><!-- \/wp:quote --><!-- wp:list --><\/p>\n<ul>\n<li>Trabajamos en equipo para la satisfacci\u00f3n total del cliente en todos sus requerimientos de servicios.<\/li>\n<li>Somos aliados en los procesos diarios de nuestros clientes para que se cumplan satisfactoriamente.<\/li>\n<li>Trabajamos\u00a0 contra reloj\u00a0 convirtiendo la necesidad de una entrega \u00e1gil en una ventaja competitiva.<\/li>\n<li>Seguridad, responsabilidad y puntualidad en todos los servicios que solicitan nuestros clientes.<\/li>\n<li>Servicio m\u00e1s humano, comprensivo y competitivo.<\/li>\n<li>Trabajamos en conjunto con nuestros clientes para la mejora continua de los tiempos de entrega.<\/li>\n<\/ul>\n<p><!-- \/wp:list --><\/p><\/div>\n\t\t\t\t<\/div>\n\t\t\t\t<\/div>\n\t\t\t\t\t\t<\/div>\n\t\t\t\t\t<\/div>\n\t\t<\/div>\n\t\t\t\t\t\t\t\t<\/div>\n\t\t\t\t\t<\/div>\n\t\t<\/section>\n\t\t\t\t\t\t<\/div>\n\t\t\t\t\t\t<\/div>\n\t\t\t\t\t<\/div>\n\t\t","protected":false},"excerpt":{"rendered":"<p>Qui\u00e9nes somos y nuestros servicios de env\u00edos Visi\u00f3n: En el 2031, aspiramos a ser la principal empresa de mensajer\u00eda especializada en domicilios en Colombia, destacando por nuestra confiabilidad, tama\u00f1o y brindando el mejor servicio de env\u00edos. Misi\u00f3n: Somos la elecci\u00f3n preferida en mensajer\u00eda domiciliaria, ofreciendo servicios de env\u00edos con transporte de carga liviana en moto y camionetas tipo carry, para empresas y personas naturales. Conf\u00eda en nuestra eficiencia para tus entregas. Pol\u00edticas de Calidad: Trabajamos en equipo para la satisfacci\u00f3n total del cliente en todos sus requerimientos de servicios. Somos aliados en los procesos diarios de nuestros clientes para que se cumplan satisfactoriamente. Trabajamos\u00a0 contra reloj\u00a0 convirtiendo la necesidad de una entrega \u00e1gil en una ventaja competitiva. Seguridad, responsabilidad y puntualidad en todos los servicios que solicitan nuestros clientes. Servicio m\u00e1s humano, comprensivo y competitivo. Trabajamos en conjunto con nuestros clientes para la mejora continua de los tiempos de entrega.<\/p>\n","protected":false},"author":1,"featured_media":409,"parent":0,"menu_order":0,"comment_status":"closed","ping_status":"closed","template":"","meta":[],"_links":{"self":[{"href":"https:\/\/www.servicourier.com\/sc\/wp-json\/wp\/v2\/pages\/2"}],"collection":[{"href":"https:\/\/www.servicourier.com\/sc\/wp-json\/wp\/v2\/pages"}],"about":[{"href":"https:\/\/www.servicourier.com\/sc\/wp-json\/wp\/v2\/types\/page"}],"author":[{"embeddable":true,"href":"https:\/\/www.servicourier.com\/sc\/wp-json\/wp\/v2\/users\/1"}],"replies":[{"embeddable":true,"href":"https:\/\/www.servicourier.com\/sc\/wp-json\/wp\/v2\/comments?post=2"}],"version-history":[{"count":34,"href":"https:\/\/www.servicourier.com\/sc\/wp-json\/wp\/v2\/pages\/2\/revisions"}],"predecessor-version":[{"id":1235,"href":"https:\/\/www.servicourier.com\/sc\/wp-json\/wp\/v2\/pages\/2\/revisions\/1235"}],"wp:featuredmedia":[{"embeddable":true,"href":"https:\/\/www.servicourier.com\/sc\/wp-json\/wp\/v2\/media\/409"}],"wp:attachment":[{"href":"https:\/\/www.servicourier.com\/sc\/wp-json\/wp\/v2\/media?parent=2"}],"curies":[{"name":"wp","href":"https:\/\/api.w.org\/{rel}","templated":true}]}}